{"id":2042,"date":"2024-05-30T13:34:33","date_gmt":"2024-05-30T11:34:33","guid":{"rendered":"https:\/\/robermb.com\/blog\/?page_id=2042"},"modified":"2024-06-30T21:10:23","modified_gmt":"2024-06-30T19:10:23","slug":"a-propos-de-moi-fr","status":"publish","type":"page","link":"https:\/\/robermb.com\/blog\/a-propos-de-moi-fr\/","title":{"rendered":"\u00c0 propos de moi (FR)"},"content":{"rendered":"\n<p>Bonjour ! Je m&#8217;appelle <strong>Roberto Mengibar <\/strong>et je suis <strong>Consultant en Automatisation<\/strong>. J&#8217;ai une grande exp\u00e9rience en mati\u00e8re de <strong>DevOps<\/strong> et d&#8217;automatisation des syst\u00e8mes. Au cours de ma carri\u00e8re, j&#8217;ai travaill\u00e9 sur des projets significatifs pour des entreprises telles que <strong>BNP Paribas<\/strong>, <strong>ENGIE IT<\/strong>, <strong>BBVA <\/strong>et <strong>Telef\u00f3nica<\/strong>, d\u00e9veloppant des solutions innovantes et efficaces dans la gestion des infrastructures. Je suis <strong>espagnol<\/strong> mais je vis \u00e0 <strong>Paris<\/strong> depuis 2019, ce qui m&#8217;a permis de m&#8217;int\u00e9grer pleinement dans l&#8217;environnement professionnel fran\u00e7ais. Je parle couramment le <strong>fran\u00e7ais, l&#8217;anglais et l&#8217;espagnol<\/strong>.<\/p>\n\n\n\n<h2 class=\"wp-block-heading\">Exp\u00e9rience professionnelle<\/h2>\n\n\n\n<h3 class=\"wp-block-heading\">CONSULTANT BLUE SOFT GROUP<\/h3>\n\n\n\n<p><strong>BNP Paribas (Banque)<\/strong> &#8211; Juillet 2021 &#8211; D\u00e9cembre 2023<\/p>\n\n\n\n<ul>\n<li>Consultant en Automatisation Ansible (TO &amp; Expertise)<\/li>\n\n\n\n<li>Automatisation avec Ansible Tower : Cr\u00e9ation et impl\u00e9mentation de \u00ab Reboot Sanitaire \u00bb, pour r\u00e9duire les uptimes des serveurs Linux.<\/li>\n\n\n\n<li>Automatisation des t\u00e2ches avec Ansible Tower et Rundeck sur plus de 4000 serveurs Linux.<\/li>\n\n\n\n<li>D\u00e9veloppement de Playbooks et r\u00f4les. Cr\u00e9ation de job templates et workflows.<\/li>\n\n\n\n<li>Gestion de r\u00f4les et inventaires.<\/li>\n\n\n\n<li>Versionnage des playbooks avec GitLab.<\/li>\n\n\n\n<li>Interconnexion des syst\u00e8mes avec Ansible via API, tels que Servicenow.<\/li>\n\n\n\n<li>Scripting Shell.<\/li>\n<\/ul>\n\n\n\n<p><strong><strong>Engie IT<\/strong> <strong>(Energy)<\/strong> <\/strong>&#8211; July 2020 &#8211; July 2021<\/p>\n\n\n\n<ul>\n<li>Consultant en Automatisation et Cloud<\/li>\n\n\n\n<li>Automatisation avec Ansible AWX\/Tower. D\u00e9ploiement de Playbooks et Workflows.<\/li>\n\n\n\n<li>D\u00e9ploiement de VMs. Provisionnement d&#8217;instances EC2 (AWS). Versionnage avec GitLab.<\/li>\n\n\n\n<li>Provisionnement de partages NAS NetAPP.<\/li>\n<\/ul>\n\n\n\n<h3 class=\"wp-block-heading\">CONSULTANT INDRA<\/h3>\n\n\n\n<p><strong>BBVA (Banque)<\/strong> &#8211; Mars 2015 &#8211; Octobre 2019<\/p>\n\n\n\n<ul>\n<li>Administrateur d\u2019infrastructure d\u2019Automatisation et Cloud<\/li>\n\n\n\n<li>Automatisation avec BladeLogic, installation automatis\u00e9e de packages, gestion automatis\u00e9e des serveurs, utilisateurs, groupes, r\u00e9pertoires, configurations.<\/li>\n\n\n\n<li>Cloud priv\u00e9e CLM. Support IaaS, participation aux conceptions, tests de performances.<\/li>\n\n\n\n<li>Gestion de l&#8217;infrastructure : Maintenance du parc (1727 VMs hors PROD, 870 VMs en PROD).<\/li>\n\n\n\n<li>Automatisation avec Ansible en Hors PROD.<\/li>\n<\/ul>\n\n\n\n<h3 class=\"wp-block-heading\">CONSULTANT ACCENTURE<\/h3>\n\n\n\n<p><strong>BBVA (Banque)<\/strong> &#8211; Mai 2012 &#8211; Mars 2015<\/p>\n\n\n\n<ul>\n<li>Administrateur d\u2019infrastructure Linux<\/li>\n\n\n\n<li>Maintenance parc PROD (machines physiques HP Blade Matrix et virtuels VMware). Gestion d&#8217;incidents, patchs.<\/li>\n<\/ul>\n\n\n\n<p><strong><strong>TELEFONICA (Telecom)<\/strong> <\/strong>&#8211; April 2007 &#8211; May 2012<\/p>\n\n\n\n<ul>\n<li>Administrateur Syst\u00e8me Unix<\/li>\n\n\n\n<li>Maintenance parc Hors PROD (machines physiques et VM, VMware).<\/li>\n\n\n\n<li>Automatisation des t\u00e2ches, installations des logiciels et leurs configurations Sun Microsystems N1SPS.<\/li>\n<\/ul>\n\n\n\n<h2 class=\"wp-block-heading\">Comp\u00e9tences Principales Techniques<\/h2>\n\n\n\n<ul>\n<li>Mentalit\u00e9 DevOps, m\u00e9thodique, capacit\u00e9 d&#8217;analyse et de r\u00e9solution de probl\u00e8mes.<\/li>\n\n\n\n<li>Automatisation : Ansible Tower, Rundeck, BladeLogic.<\/li>\n\n\n\n<li>DevOps : Git, GitLab, Docker, Jenkins, int\u00e9gration vers APIs.<\/li>\n\n\n\n<li>Langages : Shell Script\/Bash, YAML, Jinja2, Python.<\/li>\n\n\n\n<li>Cloud : AWS, CLM.<\/li>\n\n\n\n<li>Syst\u00e8mes : Linux RHEL<\/li>\n<\/ul>\n\n\n\n<h2 class=\"wp-block-heading\">Formations et Certifications<\/h2>\n\n\n\n<ul>\n<li>Advanced Automation: Red Hat Ansible Best Practices (DO447)<\/li>\n\n\n\n<li>Ansible Essentials: Simplicity in Automation Technical Overview (DO007)<\/li>\n\n\n\n<li>Programmation avanc\u00e9e du Shell. (18h) Ibertech.<\/li>\n\n\n\n<li>CEH &#8211; Certified Ethical Hacker v10, EC-Council.<\/li>\n\n\n\n<li>CPHE &#8211; Certificado Profesional de Hacking \u00c9tico, The Security Sentinel.<\/li>\n\n\n\n<li>ITIL Foundations v3, Peoplecert.<\/li>\n\n\n\n<li>VMWare vSphere: Troubleshooting.<\/li>\n\n\n\n<li>VMware vSphere: Install, Configure, Manage v4.1.<\/li>\n<\/ul>\n\n\n\n<h2 class=\"wp-block-heading\">Contact<\/h2>\n\n\n\n<ul>\n<li>LinkedIn : <a href=\"https:\/\/www.linkedin.com\/in\/robertomengibar\" target=\"_blank\" rel=\"noreferrer noopener\">linkedin.com\/in\/robertomengibar<\/a><\/li>\n<\/ul>\n","protected":false},"excerpt":{"rendered":"<p>Bonjour ! Je m&#8217;appelle Roberto Mengibar et je suis Consultant en Automatisation. J&#8217;ai une grande exp\u00e9rience en mati\u00e8re de DevOps &hellip; <a href=\"https:\/\/robermb.com\/blog\/a-propos-de-moi-fr\/\" class=\"more-link\">More <span class=\"screen-reader-text\">\u00c0 propos de moi (FR)<\/span> <span class=\"meta-nav\">&rarr;<\/span><\/a><\/p>\n","protected":false},"author":1,"featured_media":0,"parent":0,"menu_order":0,"comment_status":"closed","ping_status":"closed","template":"","meta":{"footnotes":""},"_links":{"self":[{"href":"https:\/\/robermb.com\/blog\/wp-json\/wp\/v2\/pages\/2042"}],"collection":[{"href":"https:\/\/robermb.com\/blog\/wp-json\/wp\/v2\/pages"}],"about":[{"href":"https:\/\/robermb.com\/blog\/wp-json\/wp\/v2\/types\/page"}],"author":[{"embeddable":true,"href":"https:\/\/robermb.com\/blog\/wp-json\/wp\/v2\/users\/1"}],"replies":[{"embeddable":true,"href":"https:\/\/robermb.com\/blog\/wp-json\/wp\/v2\/comments?post=2042"}],"version-history":[{"count":8,"href":"https:\/\/robermb.com\/blog\/wp-json\/wp\/v2\/pages\/2042\/revisions"}],"predecessor-version":[{"id":2145,"href":"https:\/\/robermb.com\/blog\/wp-json\/wp\/v2\/pages\/2042\/revisions\/2145"}],"wp:attachment":[{"href":"https:\/\/robermb.com\/blog\/wp-json\/wp\/v2\/media?parent=2042"}],"curies":[{"name":"wp","href":"https:\/\/api.w.org\/{rel}","templated":true}]}}