{"id":2048,"date":"2024-05-30T13:44:29","date_gmt":"2024-05-30T11:44:29","guid":{"rendered":"https:\/\/robermb.com\/blog\/?page_id=2048"},"modified":"2024-06-30T21:13:36","modified_gmt":"2024-06-30T19:13:36","slug":"sobre-mi-es","status":"publish","type":"page","link":"https:\/\/robermb.com\/blog\/sobre-mi-es\/","title":{"rendered":"Sobre m\u00ed (ES)"},"content":{"rendered":"\n<p>\u00a1Hola! Mi nombre es <strong>Roberto Mengibar<\/strong> y soy <strong>Consultor en Automatizaci\u00f3n<\/strong>. Tengo amplia experiencia como <strong>DevOps<\/strong> y automatizaci\u00f3n de sistemas. A lo largo de mi carrera, he trabajado en proyectos significativos para empresas como <strong>BNP Paribas<\/strong>, <strong>ENGIE<\/strong> <strong>IT<\/strong>, <strong>BBVA<\/strong> y <strong>Telef\u00f3nica<\/strong>, desarrollando soluciones innovadoras y eficientes en la gesti\u00f3n de infraestructuras. Soy <strong>espa\u00f1ol<\/strong>, pero vivo en <strong>Par\u00eds<\/strong> desde 2019, lo que me ha permitido integrarme plenamente en el entorno profesional franc\u00e9s. En cuanto a los <strong>idiomas<\/strong>, hablo <strong>frances, ingles y espa\u00f1ol<\/strong>.<\/p>\n\n\n\n<h2 class=\"wp-block-heading\">Experiencia profesional<\/h2>\n\n\n\n<h3 class=\"wp-block-heading\">CONSULTANT BLUE SOFT GROUP<\/h3>\n\n\n\n<p><strong>BNP Paribas (Banque)<\/strong> &#8211; Julio 2021 &#8211; Diciembre 2023<\/p>\n\n\n\n<ul>\n<li>Consultor en Automatizaci\u00f3n Ansible (TO &amp; Expertise)<\/li>\n\n\n\n<li>Automatizaci\u00f3n con Ansible Tower: Creaci\u00f3n e implementaci\u00f3n de &#8220;Reboot Sanitaire&#8221; para reducir los tiempos de actividad de los servidores Linux.<\/li>\n\n\n\n<li>Automatizaci\u00f3n de tareas con Ansible Tower y Rundeck en m\u00e1s de 4000 servidores Linux.<\/li>\n\n\n\n<li>Desarrollo de Playbooks y roles. Creaci\u00f3n de plantillas de trabajos y flujos de trabajo.<\/li>\n\n\n\n<li>Gesti\u00f3n de roles e inventarios.<\/li>\n\n\n\n<li>Versionado de los playbooks con GitLab.<\/li>\n\n\n\n<li>Interconexi\u00f3n de sistemas con Ansible v\u00eda API, como Servicenow.<\/li>\n\n\n\n<li>Scripting Shell.<\/li>\n<\/ul>\n\n\n\n<p><strong><strong>Engie IT<\/strong> <strong>(Energy)<\/strong> <\/strong>&#8211; July 2020 &#8211; July 2021<\/p>\n\n\n\n<ul>\n<li>Consultor en Automatizaci\u00f3n y Cloud<\/li>\n\n\n\n<li>Automatizaci\u00f3n con Ansible AWX\/Tower. Despliegue de Playbooks y flujos de trabajo.<\/li>\n\n\n\n<li>Despliegue de VMs. Aprovisionamiento de instancias EC2 (AWS). Versionado con GitLab.<\/li>\n\n\n\n<li>Aprovisionamiento de compartidos NAS NetAPP.<\/li>\n<\/ul>\n\n\n\n<h3 class=\"wp-block-heading\">CONSULTANT INDRA<\/h3>\n\n\n\n<p><strong>BBVA (Banca)<\/strong> &#8211; Marzo 2015 &#8211; Octubre 2019<\/p>\n\n\n\n<ul>\n<li>Administrador de Infraestructura de Automatizaci\u00f3n y Cloud<\/li>\n\n\n\n<li>Automatizaci\u00f3n con BladeLogic, instalaci\u00f3n automatizada de paquetes, gesti\u00f3n automatizada de servidores, usuarios, grupos, directorios, configuraciones.<\/li>\n\n\n\n<li>Cloud privada CLM. Soporte IaaS, participaci\u00f3n en dise\u00f1os, pruebas de rendimiento.<\/li>\n\n\n\n<li>Gesti\u00f3n de la infraestructura: Mantenimiento del parque (1727 VMs fuera de PROD, 870 VMs en PROD).<\/li>\n\n\n\n<li>Automatizaci\u00f3n con Ansible en entornos no productivos.<\/li>\n<\/ul>\n\n\n\n<h3 class=\"wp-block-heading\">CONSULTANT ACCENTURE<\/h3>\n\n\n\n<p><strong>BBVA (Banca)<\/strong> &#8211; Mayo 2012 &#8211; Marzo 2015<\/p>\n\n\n\n<ul>\n<li>Administrador de Infraestructura Linux<\/li>\n\n\n\n<li>Mantenimiento del parque de PROD (m\u00e1quinas f\u00edsicas HP Blade Matrix y virtuales VMware). Gesti\u00f3n de incidentes, parches.<\/li>\n<\/ul>\n\n\n\n<p><strong><strong>TELEFONICA (Telecom)<\/strong> <\/strong>&#8211; April 2007 &#8211; May 2012<\/p>\n\n\n\n<ul>\n<li>Administrador de Sistemas Unix<\/li>\n\n\n\n<li>Mantenimiento del parque fuera de PROD (m\u00e1quinas f\u00edsicas y VM, VMware).<\/li>\n\n\n\n<li>Automatizaci\u00f3n de tareas, instalaciones de software y sus configuraciones Sun Microsystems N1SPS.<\/li>\n<\/ul>\n\n\n\n<h2 class=\"wp-block-heading\">Principales Competencias T\u00e9cnicas<\/h2>\n\n\n\n<ul>\n<li>Mentalidad DevOps, met\u00f3dico, capacidad de an\u00e1lisis y resoluci\u00f3n de problemas.<\/li>\n\n\n\n<li>Automatizaci\u00f3n: Ansible Tower, Rundeck, BladeLogic.<\/li>\n\n\n\n<li>DevOps: Git, GitLab, Docker, Jenkins, integraci\u00f3n con APIs.<\/li>\n\n\n\n<li>Lenguajes: Shell Script\/Bash, YAML, Jinja2, Python.<\/li>\n\n\n\n<li>Cloud: AWS, CLM.<\/li>\n\n\n\n<li>Sistemas: Linux RHEL<\/li>\n<\/ul>\n\n\n\n<h2 class=\"wp-block-heading\">Formaci\u00f3n y Certificaciones<\/h2>\n\n\n\n<ul>\n<li>Advanced Automation: Red Hat Ansible Best Practices (DO447)<\/li>\n\n\n\n<li>Ansible Essentials: Simplicity in Automation Technical Overview (DO007)<\/li>\n\n\n\n<li>Programaci\u00f3n avanzada del Shell. (18h) Ibertech.<\/li>\n\n\n\n<li>CEH &#8211; Certified Ethical Hacker v10, EC-Council.<\/li>\n\n\n\n<li>CPHE &#8211; Certificado Profesional de Hacking \u00c9tico, The Security Sentinel.<\/li>\n\n\n\n<li>ITIL Foundations v3, Peoplecert.<\/li>\n\n\n\n<li>VMWare vSphere: Troubleshooting.<\/li>\n\n\n\n<li>VMware vSphere: Install, Configure, Manage v4.1.<\/li>\n<\/ul>\n\n\n\n<h2 class=\"wp-block-heading\">Contacto<\/h2>\n\n\n\n<ul>\n<li>LinkedIn: <a href=\"https:\/\/www.linkedin.com\/in\/robertomengibar\" target=\"_blank\" rel=\"noreferrer noopener\">linkedin.com\/in\/robertomengibar<\/a><\/li>\n<\/ul>\n","protected":false},"excerpt":{"rendered":"<p>\u00a1Hola! Mi nombre es Roberto Mengibar y soy Consultor en Automatizaci\u00f3n. Tengo amplia experiencia como DevOps y automatizaci\u00f3n de sistemas. &hellip; <a href=\"https:\/\/robermb.com\/blog\/sobre-mi-es\/\" class=\"more-link\">More <span class=\"screen-reader-text\">Sobre m\u00ed (ES)<\/span> <span class=\"meta-nav\">&rarr;<\/span><\/a><\/p>\n","protected":false},"author":1,"featured_media":0,"parent":0,"menu_order":0,"comment_status":"closed","ping_status":"closed","template":"","meta":{"footnotes":""},"_links":{"self":[{"href":"https:\/\/robermb.com\/blog\/wp-json\/wp\/v2\/pages\/2048"}],"collection":[{"href":"https:\/\/robermb.com\/blog\/wp-json\/wp\/v2\/pages"}],"about":[{"href":"https:\/\/robermb.com\/blog\/wp-json\/wp\/v2\/types\/page"}],"author":[{"embeddable":true,"href":"https:\/\/robermb.com\/blog\/wp-json\/wp\/v2\/users\/1"}],"replies":[{"embeddable":true,"href":"https:\/\/robermb.com\/blog\/wp-json\/wp\/v2\/comments?post=2048"}],"version-history":[{"count":6,"href":"https:\/\/robermb.com\/blog\/wp-json\/wp\/v2\/pages\/2048\/revisions"}],"predecessor-version":[{"id":2146,"href":"https:\/\/robermb.com\/blog\/wp-json\/wp\/v2\/pages\/2048\/revisions\/2146"}],"wp:attachment":[{"href":"https:\/\/robermb.com\/blog\/wp-json\/wp\/v2\/media?parent=2048"}],"curies":[{"name":"wp","href":"https:\/\/api.w.org\/{rel}","templated":true}]}}